{"id":113,"date":"2025-01-14T13:07:53","date_gmt":"2025-01-14T12:07:53","guid":{"rendered":"https:\/\/sustraiak.texu.es\/?page_id=113"},"modified":"2025-10-25T21:49:08","modified_gmt":"2025-10-25T19:49:08","slug":"oleatos-y-unguentos-2","status":"publish","type":"page","link":"https:\/\/sustraiak.texu.es\/?page_id=113","title":{"rendered":"Oleatos y ung\u00fcentos"},"content":{"rendered":"\n<div id=\"wp-block-themeisle-blocks-slider-5ccb3a19\" class=\"wp-block-themeisle-blocks-slider glide animated fadeInUp\" data-per-view=\"1\" data-gap=\"0\" data-peek=\"0\" data-autoplay=\"5000\" data-height=\"400px\" data-hide-arrows=\"false\"><div class=\"glide__track\" data-glide-el=\"track\"><div class=\"glide__slides\"><div class=\"wp-block-themeisle-blocks-slider-item-wrapper glide__slide\" tabindex=\"0\"><figure><img decoding=\"async\" class=\"wp-block-themeisle-blocks-slider-item\" src=\"https:\/\/sustraiak.texu.es\/wp-content\/uploads\/2025\/09\/Sustraiak-Oleatos-1.jpg\" alt=\"\" title=\"\" data-id=\"413\"\/><\/figure><\/div><div class=\"wp-block-themeisle-blocks-slider-item-wrapper glide__slide\" tabindex=\"0\"><figure><img decoding=\"async\" class=\"wp-block-themeisle-blocks-slider-item\" src=\"https:\/\/sustraiak.texu.es\/wp-content\/uploads\/2025\/09\/Sustraiak-Oleatos-2.jpg\" alt=\"\" title=\"\" data-id=\"415\"\/><\/figure><\/div><div class=\"wp-block-themeisle-blocks-slider-item-wrapper glide__slide\" tabindex=\"0\"><figure><img decoding=\"async\" class=\"wp-block-themeisle-blocks-slider-item\" src=\"https:\/\/sustraiak.texu.es\/wp-content\/uploads\/2025\/09\/Sustraiak-Oleatos-3.jpg\" alt=\"\" title=\"\" data-id=\"414\"\/><\/figure><\/div><div class=\"wp-block-themeisle-blocks-slider-item-wrapper glide__slide\" tabindex=\"0\"><figure><img decoding=\"async\" class=\"wp-block-themeisle-blocks-slider-item\" src=\"https:\/\/sustraiak.texu.es\/wp-content\/uploads\/2025\/09\/Sustraiak-Oleatos-4.jpg\" alt=\"\" title=\"\" data-id=\"416\"\/><\/figure><\/div><\/div><div class=\"glide__bullets\" data-glide-el=\"controls[nav]\"><button class=\"glide__bullet\" data-glide-dir=\"=0\"><\/button><button class=\"glide__bullet\" data-glide-dir=\"=1\"><\/button><button class=\"glide__bullet\" data-glide-dir=\"=2\"><\/button><button class=\"glide__bullet\" data-glide-dir=\"=3\"><\/button><\/div><\/div><\/div>\n\n\n\n<div class=\"wp-block-stackable-heading stk-block-heading stk-block-heading--v2 stk-block stk-f932004\" id=\"strong-oleatos-y-unguentos-strong\" data-block-id=\"f932004\"><h2 class=\"stk-block-heading__text\"><strong>Oleatos y ung\u00fcentos<\/strong><\/h2><\/div>\n\n\n\n<div style=\"background-image:url(&apos;http:\/\/sustraiak.texu.es\/wp-content\/uploads\/2025\/09\/oil-from-Martin-parkstonephotography-transparente.png&apos;);background-position:31% 63%;background-size:cover;background-attachment:fixed;\" class=\"wp-block-group is-layout-constrained wp-block-group-is-layout-constrained has-background\">\n<p class=\"has-luminous-vivid-amber-to-luminous-vivid-orange-gradient-background has-background has-custom-transform wp-block-paragraph\" style=\"text-transform:uppercase\"><strong>\u00bfQu\u00e9 es un oleato?<\/strong><\/p>\n\n\n\n<p class=\"wp-block-paragraph\">Es el resultado de un proceso de maceraci\u00f3n que se realiza para extraer todos los principios activos de las plantas medicinales.<\/p>\n\n\n\n<p class=\"wp-block-paragraph\">El efecto que produce el l\u00edquido&nbsp;soluto es potenciar la concentraci\u00f3n y extracci\u00f3n de la materia prima. Yo uso aceite de oliva virgen extra y aceite de girasol, ambos de&nbsp;primera prensada en fr\u00edo.<\/p>\n\n\n\n<p class=\"wp-block-paragraph\">El proceso generalmente pide un reposo, siempre dependiendo de la planta que se est\u00e1 macerando: Unos quedan expuestos al sol y otros a la sombra. A algunos les vale con siete d\u00edas y otros piden algo m\u00e1s de tiempo. Aqu\u00ed cada maestrillo tiene su librillo.<\/p>\n\n\n\n<p class=\"wp-block-paragraph\">Todos los a\u00f1os elaboro oleatos que se han vuelto imprescindibles en mi vida diaria. Si te interesa en particular alguno de estos, u otros, com\u00e9ntamelo por <a href=\"mailto:mailto:sustraiak@riseup.net\">email <\/a>o <a href=\"http:\/\/t.me\/@Impulso0rganico\">Telegram<\/a> y vemos las posibilidades.<\/p>\n\n\n\n<p class=\"has-text-align-center has-background wp-block-paragraph\" style=\"background:linear-gradient(135deg,rgba(237,237,237,0.68) 0%,rgba(169,183,194,0.66) 100%)\"><span style=\"color: var(--ast-global-color-1);\" class=\"stk-highlight\">POR ENCARGO: <strong>Oleatos de albahaca y romero en oliva 50ml &#8212; 20\u20ac<\/strong><\/span><\/p>\n\n\n\n<figure class=\"wp-block-image alignleft size-medium is-resized has-custom-border\"><img loading=\"lazy\" decoding=\"async\" width=\"461\" height=\"461\" src=\"https:\/\/sustraiak.texu.es\/wp-content\/uploads\/2025\/10\/catalogo-1-unguento-y-oleato-edited.jpg\" alt=\"Sustraiak: Oleato\" class=\"has-border-color wp-image-594\" style=\"border-color:var(--ast-global-color-1);border-width:6px;border-top-left-radius:61px;border-top-right-radius:61px;border-bottom-left-radius:61px;border-bottom-right-radius:61px;width:291px;height:auto\" srcset=\"https:\/\/sustraiak.texu.es\/wp-content\/uploads\/2025\/10\/catalogo-1-unguento-y-oleato-edited.jpg 461w, https:\/\/sustraiak.texu.es\/wp-content\/uploads\/2025\/10\/catalogo-1-unguento-y-oleato-edited-300x300.jpg 300w, https:\/\/sustraiak.texu.es\/wp-content\/uploads\/2025\/10\/catalogo-1-unguento-y-oleato-edited-150x150.jpg 150w\" sizes=\"auto, (max-width: 461px) 100vw, 461px\" \/><\/figure>\n\n\n\n<p class=\"has-luminous-vivid-amber-to-luminous-vivid-orange-gradient-background has-background has-custom-transform wp-block-paragraph\" style=\"text-transform:uppercase\"><strong>LISTADO DE OLEATOS Y SUS PROPIEDADES<\/strong><\/p>\n\n\n\n<p class=\"wp-block-paragraph\"><strong>PROTECTOR SOLAR<\/strong><br>Elaborado exclusivamente con aceites de primera prensada en fr\u00edo, producci\u00f3n biol\u00f3gica y agua de procedencia natural.<br><em>Aceite de s\u00e9samo, resina o aceite de jojoba y oleato de rosas, con base de girasol<\/em><br><strong><span style=\"color: var(--ast-global-color-1);\" class=\"stk-highlight\">100 ml &#8212; 35\u20ac<br>50 ml &#8212; 25\u20ac<\/span><\/strong><\/p>\n\n\n\n<p class=\"wp-block-paragraph\"><strong>OLEATO DE CANNABIS (macerado en aceite de oliva)<\/strong><br>Para el dolor cr\u00f3nico, artritis e inflamaci\u00f3n.<br>Mejora el insomnio.<br>De uso analg\u00e9sico, reduce n\u00e1useas y ansiedad.<br><strong><span style=\"color: var(--ast-global-color-1);\" class=\"stk-highlight\">Cannabis oliva 50ml &#8212; 30\u20ac<\/span><\/strong><\/p>\n\n\n\n<p class=\"wp-block-paragraph\"><strong>OLEATO DE HIP\u00c9RICO O HIERBA DE SAN JUAN (macerado en aceite de oliva)<\/strong><br>Act\u00faa por v\u00eda externa contra la ci\u00e1tica, quemaduras en la piel, y tiene propiedades analg\u00e9sicas, antis\u00e9pticas, astringentes y cicatrizantes.<br>Por v\u00eda interna sirve como astringente y antiviral, por sus propiedades antiinflamatorias, diur\u00e9ticas y antidepresivas (es un antidepresivo natural).<br>Ayuda ha disminuir el estr\u00e9s y el insomnio. Ayuda a evitar ataques de ansiedad y a controlar la irritabilidad nerviosa. Disminuye la hiperactividad.<br>Ayuda con migra\u00f1as fuertes y a reducir la fatiga.<br>Reduce infecciones por virus y bacterias.<br>Disminuye dolores musculares.<br>Disminuye los s\u00edntomas premenstruales.<br>Facilita la digesti\u00f3n.<br>Es cicatrizante.<br>Ayuda a mitigar el dolor de o\u00eddos.<br><em><strong>Uso t\u00f3pico:<\/strong><\/em><br>En hemorroides, dermatitis y lesiones cut\u00e1neas.<br><span style=\"color: #cf2e2e;\" class=\"stk-highlight\"><em>ATENCI\u00d3N!!!<br>Altamente fotosensible (exposici\u00f3n solar). Puede producir lesiones cut\u00e1neas, \u00falceras o quemaduras, tambi\u00e9n de manera interna. No usar en embarazadas ni en menores de 12 a\u00f1os.<\/em><\/span><br>M\u00e1ximo de 2 a 4 gr de planta seca al d\u00eda.<br><strong><span style=\"color: var(--ast-global-color-1);\" class=\"stk-highlight\">Hip\u00e9rico oliva 50ml &#8212; 20\u20ac<\/span><\/strong><\/p>\n\n\n\n<p class=\"wp-block-paragraph\"><strong>OLEATO DE MANZANILLA (macerado en aceite de oliva)<\/strong><br>Calmante, antiinflamatorio y analg\u00e9sico. Antibacteriano, antiespasm\u00f3dico y antial\u00e9rgico, entre otras muchas propiedades. <br><em><strong>Usos:<\/strong><\/em><br>Reducci\u00f3n de inflamaci\u00f3n en piel y mucosas.<br>Mejora la calidad del sue\u00f1o. <br><em><strong>Piel:<\/strong><\/em><br>Tratamiento de heridas leves y quemaduras superficiales.<br>Irritaciones, manchas y quemaduras del sol en la piel.<br>Nutre, hidrata, limpia, tonifica y restaura.<br>Limpia los poros.<br>Alivia el enrojecimiento e irritaciones cut\u00e1neas.<br>Para la posdepilaci\u00f3n.<br>Mejora el aspecto de la piel, reduciendo la aparici\u00f3n de arrugas y manchas.<br>Ideal para pieles sensibles.\u00a0 <br><em><strong>Dolor:<\/strong><\/em><br>Alivio del dolor muscular y articular mediante masajes. Calma y alivia el dolor menstrual. <br><strong><span style=\"color: var(--ast-global-color-1);\" class=\"stk-highlight\">Manzanilla silvestre oliva 50ml &#8212; 25\u20ac<\/span><\/strong><\/p>\n\n\n\n<p class=\"wp-block-paragraph\"><strong>OLEATO DE ROSAS (maceraci\u00f3n en aceite de girasol)<\/strong><br>Uso externo, sobre la piel.<br>Tonifica, suaviza e hidrata.<br>Mucha vitamina C (protector solar).<br>Limpia impurezas y poros.<br>Anti-irritante y humectante.<br>Activa el flujo sangu\u00edneo.<br>Estimula el cuero cabelludo.<br>Astringente, antioxidante, reparador, anti inflamatorio, antibacterial.<br>Para acn\u00e9, cicatrices, heridas, quemaduras leves, varices y ara\u00f1as vasculares.<br>Ayuda contra radicales libres.<br>Calma dolores menstruales.<br><strong><span style=\"color: var(--ast-global-color-1);\" class=\"stk-highlight\">Rosas en girasol 50ml &#8212; 20\u20ac<\/span><\/strong><\/p>\n<\/div>\n\n\n\n<div class=\"wp-block-kadence-spacer aligncenter kt-block-spacer-113_bd7708-e0\"><div class=\"kt-block-spacer kt-block-spacer-halign-center\"><hr class=\"kt-divider\"\/><\/div><\/div>\n\n\n\n<div style=\"background-image:url(&apos;http:\/\/sustraiak.texu.es\/wp-content\/uploads\/2025\/09\/oil-from-Martin-parkstonephotography-transp-2.png&apos;);background-size:cover;background-attachment:fixed;\" class=\"wp-block-group is-layout-constrained wp-block-group-is-layout-constrained has-background\">\n<p class=\"has-blush-light-purple-gradient-background has-background has-custom-transform wp-block-paragraph\" style=\"text-transform:uppercase\"><strong>\u00bfQu\u00e9 es un ung\u00fcento?<\/strong><\/p>\n\n\n\n<p class=\"wp-block-paragraph\">Es un medicamento que se aplica al exterior, compuesto de diversas sustancias, entre las cuales pueden figurar la cera amarilla, el aceite de oliva u otros.<\/p>\n\n\n\n<p class=\"wp-block-paragraph\">Para su proceso de elaboraci\u00f3n se ponen al ba\u00f1o mar\u00eda ciertos oleatos, plantas, flores o ra\u00edces (dependiendo del remedio que se busque), a fuego muy lento. El resultado se cuela y deja en reposo. Al final se le a\u00f1ade la cera de op\u00e9rculo hasta que queden fusionadas, para pasarlo a los envases donde los aceites esenciales necesarios se a\u00f1aden antes de que comience a enfriarse el ung\u00fcento.<\/p>\n\n\n\n<p class=\"wp-block-paragraph\">En mi laboratorio elaboro ung\u00fcentos de la manera tradicional, tal y como lo hac\u00edan mis ancestros, pues as\u00ed han llegado a m\u00ed estos saberes, a trav\u00e9s de la trasmisi\u00f3n oral.<\/p>\n\n\n\n<p class=\"wp-block-paragraph\">Al principio de mi andadura s\u00f3lo contaba con la receta que me transmitieron, pero mi saber hacer a d\u00eda de hoy me ayuda a poder elaborar cualquier ung\u00fcento que sea necesario, junto con los aceites esenciales&nbsp;que destilo. Los que a\u00f1ado a la cera de op\u00e9rculo {de los apicultores del valle, hervida a baja temperatura, con mucho mimo} aportan los principios activos perfectos para combatir, de forma efectiva y saludable,&nbsp;varios desequilibrios del cuerpo,&nbsp;ayud\u00e1ndole a&nbsp; reencontrar el equilibrio.<\/p>\n\n\n\n<p class=\"wp-block-paragraph\">Si sabes qu\u00e9 necesitas y\/o te interesa cualquiera de estos ung\u00fcentos, p\u00eddemelo por email o por <a href=\"http:\/\/t.me\/@Impulso0rganico\" data-type=\"link\" data-id=\"http:\/\/t.me\/@Impulso0rganico\">Telegram<\/a>.<\/p>\n\n\n\n<p class=\"has-blush-light-purple-gradient-background has-background has-custom-transform wp-block-paragraph\" style=\"text-transform:uppercase\"><strong>LISTADO DE UNG\u00dcENTOS Y SUS PROPIEDADES<\/strong><\/p>\n\n\n\n<p class=\"wp-block-paragraph\">Elaboro mis ung\u00fcentos dependiendo de la necesidad de la persona.<br><span style=\"color: #8b43ae;\" class=\"stk-highlight\"><strong>Precio por unidad de 130gr &#8212; 20\u20ac<\/strong><\/span><br>Pero hay tres que elaboro todos los a\u00f1os:<\/p>\n\n\n\n<figure class=\"wp-block-image alignright size-full\" style=\"margin-top:0;margin-bottom:0\"><img loading=\"lazy\" decoding=\"async\" width=\"259\" height=\"461\" src=\"https:\/\/sustraiak.texu.es\/wp-content\/uploads\/2025\/10\/catalogo-1-unguento-y-oleato-edited-1.jpg\" alt=\"Sustraiak: Ung\u00fcento y oleato\" class=\"wp-image-595\" srcset=\"https:\/\/sustraiak.texu.es\/wp-content\/uploads\/2025\/10\/catalogo-1-unguento-y-oleato-edited-1.jpg 259w, https:\/\/sustraiak.texu.es\/wp-content\/uploads\/2025\/10\/catalogo-1-unguento-y-oleato-edited-1-169x300.jpg 169w\" sizes=\"auto, (max-width: 259px) 100vw, 259px\" \/><figcaption class=\"wp-element-caption\">Ung\u00fcento<\/figcaption><\/figure>\n\n\n\n<p class=\"wp-block-paragraph\"><strong>APAGA EL DOLOR<\/strong><br><em>Canela, clavo, pimienta negra, c\u00farcuma y jengibre+ Macerado de cannabis + Aceites esenciales de gauteria, thuya y menta<\/em>. Analg\u00e9sico potente.<\/p>\n\n\n\n<p class=\"wp-block-paragraph\"><strong>INTSUSA <\/strong><br><em>Sa\u00faco (flores y corteza) + Macerado de cal\u00e9ndula<\/em><br>Para cualquier afecci\u00f3n de la piel.<\/p>\n\n\n\n<p class=\"wp-block-paragraph\"><strong>VARICES Y CIRCULACI\u00d3N<\/strong><br><em> Romero +Ortiga <em>+<\/em><\/em> Semillas de <em>Cipr\u00e9s + <em>Macerado de cannabis<\/em> + Aceites esenciales de romero y <\/em>thuya<\/p>\n\n\n\n<p class=\"wp-block-paragraph\" style=\"font-size:17px\">***<em>Todos elaborados con cera de op\u00e9rculo procedente de los apicultoras de la zona, hervida a baja temperatura, para mantener las propiedades de los ingredientes.<\/em>***<\/p>\n<\/div>\n\n\n\n<p class=\"wp-block-paragraph\"><\/p>\n\n\n\n<p class=\"wp-block-paragraph\"><\/p>\n<style class=\"advgb-styles-renderer\">.wp-block-kadence-spacer.kt-block-spacer-113_bd7708-e0 .kt-block-spacer{height:60px;}.wp-block-kadence-spacer.kt-block-spacer-113_bd7708-e0 .kt-divider{border-top-width:1px;height:1px;border-top-color:var(--ast-global-color-4);width:80%;border-top-style:solid;}<\/style>","protected":false},"excerpt":{"rendered":"<p>Oleatos y ung\u00fcentos \u00bfQu\u00e9 es un oleato? Es el resultado de un proceso de maceraci\u00f3n que se realiza para extraer [&hellip;]<\/p>\n","protected":false},"author":2,"featured_media":0,"parent":0,"menu_order":0,"comment_status":"closed","ping_status":"closed","template":"","meta":{"_coblocks_attr":"","_coblocks_dimensions":"","_coblocks_responsive_height":"","_coblocks_accordion_ie_support":"","_crdt_document":"","advgb_blocks_editor_width":"","advgb_blocks_columns_visual_guide":"","site-sidebar-layout":"default","site-content-layout":"","ast-site-content-layout":"default","site-content-style":"default","site-sidebar-style":"default","ast-global-header-display":"","ast-banner-title-visibility":"","ast-main-header-display":"","ast-hfb-above-header-display":"","ast-hfb-below-header-display":"","ast-hfb-mobile-header-display":"","site-post-title":"","ast-breadcrumbs-content":"","ast-featured-img":"","footer-sml-layout":"","theme-transparent-header-meta":"","adv-header-id-meta":"","stick-header-meta":"","header-above-stick-meta":"","header-main-stick-meta":"","header-below-stick-meta":"","astra-migrate-meta-layouts":"default","ast-page-background-enabled":"default","ast-page-background-meta":{"desktop":{"background-color":"var(--ast-global-color-5)","background-image":"","background-repeat":"repeat","background-position":"center center","background-size":"auto","background-attachment":"scroll","background-type":"","background-media":"","overlay-type":"","overlay-color":"","overlay-opacity":"","overlay-gradient":""},"tablet":{"background-color":"","background-image":"","background-repeat":"repeat","background-position":"center center","background-size":"auto","background-attachment":"scroll","background-type":"","background-media":"","overlay-type":"","overlay-color":"","overlay-opacity":"","overlay-gradient":""},"mobile":{"background-color":"","background-image":"","background-repeat":"repeat","background-position":"center center","background-size":"auto","background-attachment":"scroll","background-type":"","background-media":"","overlay-type":"","overlay-color":"","overlay-opacity":"","overlay-gradient":""}},"ast-content-background-meta":{"desktop":{"background-color":"var(--ast-global-color-4)","background-image":"","background-repeat":"repeat","background-position":"center center","background-size":"auto","background-attachment":"scroll","background-type":"","background-media":"","overlay-type":"","overlay-color":"","overlay-opacity":"","overlay-gradient":""},"tablet":{"background-color":"var(--ast-global-color-4)","background-image":"","background-repeat":"repeat","background-position":"center center","background-size":"auto","background-attachment":"scroll","background-type":"","background-media":"","overlay-type":"","overlay-color":"","overlay-opacity":"","overlay-gradient":""},"mobile":{"background-color":"var(--ast-global-color-4)","background-image":"","background-repeat":"repeat","background-position":"center center","background-size":"auto","background-attachment":"scroll","background-type":"","background-media":"","overlay-type":"","overlay-color":"","overlay-opacity":"","overlay-gradient":""}},"_themeisle_gutenberg_block_has_review":false,"footnotes":""},"class_list":["post-113","page","type-page","status-publish","hentry"],"coauthors":[],"author_meta":{"author_link":"https:\/\/sustraiak.texu.es\/?author=2","display_name":"laidea"},"relative_dates":{"created":"Publicado 1 a\u00f1o hace","modified":"Actualizado 6 meses hace"},"absolute_dates":{"created":"Publicado el 14 de enero de 2025","modified":"Actualizado el 25 de octubre de 2025"},"absolute_dates_time":{"created":"Publicado el 14 de enero de 2025 13:07","modified":"Actualizado el 25 de octubre de 2025 21:49"},"featured_img_caption":"","featured_img":false,"series_order":"","_links":{"self":[{"href":"https:\/\/sustraiak.texu.es\/index.php?rest_route=\/wp\/v2\/pages\/113","targetHints":{"allow":["GET"]}}],"collection":[{"href":"https:\/\/sustraiak.texu.es\/index.php?rest_route=\/wp\/v2\/pages"}],"about":[{"href":"https:\/\/sustraiak.texu.es\/index.php?rest_route=\/wp\/v2\/types\/page"}],"author":[{"embeddable":true,"href":"https:\/\/sustraiak.texu.es\/index.php?rest_route=\/wp\/v2\/users\/2"}],"replies":[{"embeddable":true,"href":"https:\/\/sustraiak.texu.es\/index.php?rest_route=%2Fwp%2Fv2%2Fcomments&post=113"}],"version-history":[{"count":3,"href":"https:\/\/sustraiak.texu.es\/index.php?rest_route=\/wp\/v2\/pages\/113\/revisions"}],"predecessor-version":[{"id":599,"href":"https:\/\/sustraiak.texu.es\/index.php?rest_route=\/wp\/v2\/pages\/113\/revisions\/599"}],"wp:attachment":[{"href":"https:\/\/sustraiak.texu.es\/index.php?rest_route=%2Fwp%2Fv2%2Fmedia&parent=113"}],"curies":[{"name":"wp","href":"https:\/\/api.w.org\/{rel}","templated":true}]}}