{"id":20,"date":"2024-12-20T11:23:08","date_gmt":"2024-12-20T10:23:08","guid":{"rendered":"https:\/\/sustraiak.texu.es\/?page_id=20"},"modified":"2025-10-25T17:17:25","modified_gmt":"2025-10-25T15:17:25","slug":"alkimia-cosmogonica","status":"publish","type":"page","link":"https:\/\/sustraiak.texu.es\/?page_id=20","title":{"rendered":"Alkimia cosmog\u00f3nica"},"content":{"rendered":"\n<div class=\"wp-block-group has-background is-layout-constrained wp-block-group-is-layout-constrained\" style=\"background:linear-gradient(135deg,rgba(121,219,180,0.6) 0%,rgba(209,94,0,0.51) 100%)\">\n<p class=\"wp-block-paragraph\"><strong>ASTROKABBALAH y EL ESTUDIO DEL \u00c1RBOL DE LA VIDA<\/strong><\/p>\n\n\n\n<p class=\"wp-block-paragraph\">La Astrokabbalah no es un or\u00e1culo predictivo, sino m\u00e1s bien un kit de herramientas, a trav\u00e9s de la cual podemos encontrar diferentes formas que nos ayudan a aprehender a conocernos a nosotr@s mism@s.<\/p>\n\n\n\n<p class=\"wp-block-paragraph\">Por un lado est\u00e1 la astrolog\u00eda, que nos cuenta y nos habla sobre las energ\u00edas que est\u00e1n disponibles en el universo y c\u00f3mo poder identificarlas y aprovecharlas, es decir, usarlas dependiendo de las caracter\u00edsticas de tu personaje, a tu favor.<br>Por otro lado, est\u00e1 la lectura Kabbal\u00edstica, que representa otro mont\u00f3n de herramientas para la autoindagaci\u00f3n personal, es decir, que a trav\u00e9s de ella podemos aprender a conocernos m\u00e1s profundamente, descubriendo los desequilibrios y las heridas que nos habitan, y as\u00ed trabajarnos. Sin olvidarnos de las propias virtudes, que son las que realmente se esconden detr\u00e1s de los desequilibrios.<\/p>\n\n\n\n<p class=\"wp-block-paragraph\">Adem\u00e1s tambi\u00e9n aplico la br\u00fajula del Omer, la cual nos orienta en la navegaci\u00f3n a trav\u00e9s de formular distintas preguntas, que se relacionan directamente con la posici\u00f3n de tus planetas en el \u00e1rbol de la vida, las cuales te permiten sincerarte y conocerte m\u00e1s profundamente. <\/p>\n\n\n\n<p class=\"wp-block-paragraph\">Para este proceso es necesario <strong>tu fecha, hora y lugar de nacimiento<\/strong>, pues es a trav\u00e9s de estos datos que obtengo el primer mapa con el cual iniciar mi trabajo, tu carta Natal.<\/p>\n<\/div>\n\n\n\n<p class=\"wp-block-paragraph\"><\/p>\n\n\n\n<p class=\"wp-block-paragraph\"><span style=\"color: var(--ast-global-color-0);\" class=\"stk-highlight\"><strong>MI PROPIA HISTORIA EN EL ACERCAMIENTO A LA ASTROKABBAL\u00c1H A TRAV\u00c9S DE LA ALKIMIA<\/strong><\/span><br><br>En la base de los estudios Astrokabbal\u00edsticos est\u00e1 <strong>KABALEB, como pionero en unir estas dos ciencias (Astrolog\u00eda y Kabbalah)<\/strong>, y en ense\u00f1arnos a pasar los datos del mapa de la Carta Natal al \u00c1rbol de la Vida. Cuenta con much\u00edsima bibliograf\u00eda interesante y disponible en la red. Sus hij@s contin\u00faan con su trabajo.<\/p>\n\n\n\n<p class=\"wp-block-paragraph\">Tambi\u00e9n est\u00e1 el se\u00f1or <strong>Javier Villarubia<\/strong>, pero este trabajaba desde otros conceptos como son <strong>la numerolog\u00eda y los diferentes alfabetos<\/strong>. Hoy en d\u00eda son su hija y sus alumnas quienes contin\u00faan con este conocimiento.<\/p>\n\n\n\n<p class=\"wp-block-paragraph\">Mi experiencia con Kabaleb la inici\u00e9 a trav\u00e9s de sus escritos: cuando comenc\u00e9 a indagar en el <strong>Tarot<\/strong>. Fue con sus escritos que me acerqu\u00e9 e introduje tambi\u00e9n en el mundo de <strong>las letras hebreas<\/strong>.<\/p>\n\n\n\n<figure class=\"wp-block-gallery has-nested-images columns-default is-cropped wp-block-gallery-1 is-layout-flex wp-block-gallery-is-layout-flex\">\n<figure class=\"wp-block-image size-large\"><img loading=\"lazy\" decoding=\"async\" width=\"681\" height=\"1024\" data-id=\"549\" src=\"http:\/\/sustraiak.texu.es\/wp-content\/uploads\/2025\/10\/Alkimia-cosmogonica-3-681x1024.jpg\" alt=\"Sustraiak: Alkimia cosmog\u00f3nica\" class=\"wp-image-549\" srcset=\"https:\/\/sustraiak.texu.es\/wp-content\/uploads\/2025\/10\/Alkimia-cosmogonica-3-681x1024.jpg 681w, https:\/\/sustraiak.texu.es\/wp-content\/uploads\/2025\/10\/Alkimia-cosmogonica-3-199x300.jpg 199w, https:\/\/sustraiak.texu.es\/wp-content\/uploads\/2025\/10\/Alkimia-cosmogonica-3.jpg 718w\" sizes=\"auto, (max-width: 681px) 100vw, 681px\" \/><\/figure>\n\n\n\n<figure class=\"wp-block-image size-large\"><img loading=\"lazy\" decoding=\"async\" width=\"944\" height=\"1024\" data-id=\"196\" src=\"https:\/\/sustraiak.texu.es\/wp-content\/uploads\/2025\/02\/kab03-944x1024.jpg\" alt=\"Sustraiak: Alkimia cosmog\u00f3nica\" class=\"wp-image-196\" srcset=\"https:\/\/sustraiak.texu.es\/wp-content\/uploads\/2025\/02\/kab03-944x1024.jpg 944w, https:\/\/sustraiak.texu.es\/wp-content\/uploads\/2025\/02\/kab03-276x300.jpg 276w, https:\/\/sustraiak.texu.es\/wp-content\/uploads\/2025\/02\/kab03-768x833.jpg 768w, https:\/\/sustraiak.texu.es\/wp-content\/uploads\/2025\/02\/kab03.jpg 1080w\" sizes=\"auto, (max-width: 944px) 100vw, 944px\" \/><\/figure>\n\n\n\n<figure class=\"wp-block-image size-large\"><img loading=\"lazy\" decoding=\"async\" width=\"652\" height=\"909\" data-id=\"548\" src=\"https:\/\/sustraiak.texu.es\/wp-content\/uploads\/2025\/10\/carrusel-Alkimia-cosmogonica-2.jpg\" alt=\"\" class=\"wp-image-548\" srcset=\"https:\/\/sustraiak.texu.es\/wp-content\/uploads\/2025\/10\/carrusel-Alkimia-cosmogonica-2.jpg 652w, https:\/\/sustraiak.texu.es\/wp-content\/uploads\/2025\/10\/carrusel-Alkimia-cosmogonica-2-215x300.jpg 215w\" sizes=\"auto, (max-width: 652px) 100vw, 652px\" \/><\/figure>\n<\/figure>\n\n\n\n<p class=\"wp-block-paragraph\">Ya llevaba unos a\u00f1itos destilando flores para obtener sus <strong>aceites esenciales<\/strong>, pero sent\u00eda que esto s\u00f3lo era una peque\u00f1a parte de un proceso m\u00e1s complejo y profundo, hasta que una muchacha apareci\u00f3 en mi aldea y pronunci\u00f3 una palabra que en mi vida hab\u00eda escuchado, <strong>Espagiria<\/strong>. Dos semanas despu\u00e9s, en un grupo, apareci\u00f3 un curso de Espagiria al cual no dud\u00e9 en apuntarme. Fue tras este curso de Espagiria o Alkimia Vegetal que apareci\u00f3 el concepto de <strong>Kabbalah <\/strong>en mi vida y fue ah\u00ed que empec\u00e9 ha autoindagar y a sumergirme, a trav\u00e9s de los cientos de videos en la red, en la Kabbalah; hasta dar con un curso sobre el <strong>\u00c1rbol de la Vida<\/strong> en la escuela de <strong>Mario Javier Sab\u00e1n<\/strong>. Encontr\u00e9 muchas y diferentes visiones y perspectivas que me acercaron al mundo kabbal\u00edstico, pero fue Mario Sab\u00e1n y su escuela la que m\u00e1s me reson\u00f3 despu\u00e9s de Kabbaleb. Empece a dejar que mi intuici\u00f3n me guiara para dar con los contenidos que necesitaba. <br>Realic\u00e9 el curso de <strong>Astrokabbalah <\/strong>con <strong>Eugenia Pinery<\/strong>, profesora en la escuela de Psicolog\u00eda y kabbalah. Tambi\u00e9n me adentr\u00e9 en la cuenta del <strong>Omer <\/strong>a traves de la misma escuela pero con la profesora <strong>Natalia Salinas<\/strong>, lo que me ayud\u00f3 a ampliar mi visi\u00f3n y a entender cu\u00e1n profunda puede llegar a ser la Kabbalah y sus diferentes dimensiones del \u00c1rbol de la vida.<\/p>\n\n\n\n<p class=\"wp-block-paragraph\"><strong>Fue esa sensaci\u00f3n de profundidad infinita la que me maravill\u00f3 y la que me acerc\u00f3 a obras como el <\/strong>Sefer Yetzira de Arie Kaplan<strong>, o la obra del <\/strong>Sod 22 de Mario Javier Sab\u00e1n<strong>, las que a cada nueva lectura me ayudan a profundizar cada vez m\u00e1s y m\u00e1s.<\/strong><\/p>\n\n\n\n<figure class=\"wp-block-image alignleft size-large is-resized is-style-default\"><img loading=\"lazy\" decoding=\"async\" width=\"547\" height=\"1024\" src=\"https:\/\/sustraiak.texu.es\/wp-content\/uploads\/2025\/10\/carrusel-Alkimia-cosmogonica-5-547x1024.jpg\" alt=\"\" class=\"wp-image-556\" style=\"width:260px;height:auto\" srcset=\"https:\/\/sustraiak.texu.es\/wp-content\/uploads\/2025\/10\/carrusel-Alkimia-cosmogonica-5-547x1024.jpg 547w, https:\/\/sustraiak.texu.es\/wp-content\/uploads\/2025\/10\/carrusel-Alkimia-cosmogonica-5-160x300.jpg 160w, https:\/\/sustraiak.texu.es\/wp-content\/uploads\/2025\/10\/carrusel-Alkimia-cosmogonica-5.jpg 684w\" sizes=\"auto, (max-width: 547px) 100vw, 547px\" \/><\/figure>\n\n\n\n<p class=\"wp-block-paragraph\"><br>La Astrokabbalah es una gran kit de herramientas a trav\u00e9s de las cuales comenc\u00e9 en la b\u00fasqueda personal del crecimiento interno. Haciendo uso de distintos mapas para facilitarme este movimiento en espacios que me eran completamente  desconocidos.<br>Al igual que el estudio y aplicaci\u00f3n de la Astrolog\u00eda en el \u00c1rbol de la Vida de la Kabbalah, se combina tambi\u00e9n el estudio Psicol\u00f3gico, ambos son compatibles y complementarios, para poder entender los mecanismos que me ayudan a encontrar los desequilibrios y los bloqueos, y poder rectificarlos. <\/p>\n\n\n\n<p class=\"wp-block-paragraph\">En un primer momento comenc\u00e9 a aplicar las heridas de mi infancia en este mapa, a intentar poner comprensi\u00f3n y entendimiento para poder llevarlos a la pr\u00e1ctica en la experiencia cotidiana, para esta aplicaci\u00f3n me ayud\u00f3 much\u00edsimo la Cuenta del Omer, pues fue a trav\u00e9s de ella que eso que hab\u00eda comprendido a nivel conceptual se volviera experiencia pr\u00e1ctica. Y esto me dej\u00f3 fascinada.  Me parece importante mencionar que el hecho de trabajar con los desequilibrios o bloqueos iniciales, da paso a otro recorrido donde siguen apareciendo nuevos desequilibrios, quiz\u00e1 m\u00e1s sutiles, donde en el proceso de descubrimiento y rectificaci\u00f3n de los mismos, en ese proceso de aprendizaje una descubre sus propias virtudes. No es recomendable quedarse atascada en resolver los infinitos desequilibrios que tenemos por desenmascarar, sino que lo interesante e importante aqu\u00ed es redescubrir esas virtudes que se esconden bajo su velo. <\/p>\n\n\n\n<p class=\"wp-block-paragraph\"><strong>Para mi el \u00c1rbol de la Vida es un mapa que explica la funci\u00f3n del universo y del alma humana, como fractal, pues tiene m\u00faltiples y me atrever\u00eda a decir casi infinitas aplicaciones a casi cualquier \u00e1rea de la vida, si no fuera porque habitamos un espacio y tiempo finitos.<\/strong><\/p>\n\n\n\n<p class=\"wp-block-paragraph\"><br><\/p>\n\n\n\n<p class=\"wp-block-paragraph\"><strong><span style=\"color: var(--ast-global-color-1);\" class=\"stk-highlight\">MI PRESENTE, MI ALKIMIA INTERNA  (ALKIMIA HERBAL, ASTROLOG\u00cdA Y KABBALAH)<\/span><\/strong><\/p>\n\n\n\n<div class=\"wp-block-group is-layout-constrained wp-block-group-is-layout-constrained\">\n<p class=\"wp-block-paragraph\"><strong>Hoy por hoy me encuentro inmersa en el estudio y la puesta en pr\u00e1ctica de la Kabbalah. <\/strong>Creo que una de las cosas que m\u00e1s me fascina de la Kabbalah es que es profundamente infinita e infinitamente profunda. Disfruto en aprovechar mis largos inviernos para poder estudiar y comprender a nivel conceptual este gran engranaje (las horas de oscuridad son mayor que las de luz) para despu\u00e9s poder compartir esa Luz en la experiencia pr\u00e1ctica, y en la vida diaria. Mi trabajo de alkimia y laboratorio comienza (justo con el propio aumento de horas de la luz de la tierra) coincidiendo con el inicio del a\u00f1o astrol\u00f3gico, en el signo de Aries.<\/p>\n\n\n\n<figure class=\"wp-block-image aligncenter size-full is-resized has-custom-border is-style-rounded has-lightbox\"><img loading=\"lazy\" decoding=\"async\" width=\"821\" height=\"506\" src=\"https:\/\/sustraiak.texu.es\/wp-content\/uploads\/2025\/10\/Alkimia-cosmogonica-6.jpg\" alt=\"\" class=\"has-border-color wp-image-558\" style=\"border-color:var(--ast-global-color-1);border-width:5px;border-top-left-radius:30px;border-top-right-radius:30px;border-bottom-left-radius:30px;border-bottom-right-radius:30px;aspect-ratio:1.593555862863769;width:553px;height:auto\" srcset=\"https:\/\/sustraiak.texu.es\/wp-content\/uploads\/2025\/10\/Alkimia-cosmogonica-6.jpg 821w, https:\/\/sustraiak.texu.es\/wp-content\/uploads\/2025\/10\/Alkimia-cosmogonica-6-300x185.jpg 300w, https:\/\/sustraiak.texu.es\/wp-content\/uploads\/2025\/10\/Alkimia-cosmogonica-6-768x473.jpg 768w\" sizes=\"auto, (max-width: 821px) 100vw, 821px\" \/><\/figure>\n<\/div>\n\n\n\n<p class=\"wp-block-paragraph\">Mi momento actual me lleva a continuar sumergi\u00e9ndome en las profundidades de mi propio \u00c1rbol sefir\u00f3tico y sus senderos. Esta navegaci\u00f3n me mantiene en varios procesos a la vez: El del estudio y el de la puesta en pr\u00e1ctica de lo que voy comprendiendo y conociendo en este plano material.<\/p>\n\n\n\n<p class=\"wp-block-paragraph\"><span style=\"color: var(--ast-global-color-1);\" class=\"stk-highlight\"><strong><span class=\"uppercase\">Mi entrenamiento Kabbal\u00cdstico<\/span><\/strong><\/span><\/p>\n\n\n\n<p class=\"has-background wp-block-paragraph\" style=\"background:linear-gradient(135deg,rgb(146,161,234) 0%,rgb(255,255,255) 100%)\">Quiero mencionar a la <strong>Tribu de la Rueda F\u00e9nix<\/strong>, un entrenamiento Kabal\u00edstico y cu\u00e1ntico en el que he participado estos 3 \u00faltimos meses, con la directora de orquesta <strong>Natalia Salinas<\/strong>, a la que le agradezco personalmente su dedicaci\u00f3n y esta bater\u00eda de herramientas que ha puesto a disposici\u00f3n de la Tribu como algo muy transformador y potente a muchos niveles. Para ella y para la Tribu, mi m\u00e1s sincero agradecimiento. Es un antes y un despu\u00e9s.<\/p>\n\n\n\n<p class=\"has-text-align-right has-background wp-block-paragraph\" style=\"background:linear-gradient(135deg,rgb(255,255,255) 0%,rgb(255,175,119) 100%)\"><strong>Por un lado compartiendo<\/strong> lo que a m\u00ed me va trayendo paz interna y profundos cambios que me ayudan a vivir m\u00e1s tranquila internamente, con charlas y talleres introductorios a la kabbala. <br><br><strong>Y por otro mis dos laboratorios<\/strong>: Uno es la vida social o relacional en la que pongo en pr\u00e1ctica mi entrenamiento kabbalistico, y el otro laboratorio, el de la alkimia Herbal, con mis procesos de recolecci\u00f3n, selecci\u00f3n, destilaci\u00f3n, fermentaci\u00f3n, decantaci\u00f3n, maceraci\u00f3n\u2026 etc. que me entrenan en nuevos conocimientos y experiencias del mundo natural y sus propios procesos. Mostr\u00e1ndome mi propio proceso de alkimia interna. Acerc\u00e1ndome y entren\u00e1ndome en la comprensi\u00f3n y aplicaci\u00f3n de las leyes universales o cosmog\u00f3nicas.<\/p>\n\n\n\n<p class=\"has-background wp-block-paragraph\" style=\"background:linear-gradient(135deg,rgba(145,160,235,0.34) 0%,rgb(255,255,255) 100%)\">A medida que una va entrenando(se), y conociendo(se), una comprende eso que Jung llamaba <em>La sombra <\/em>(eso que hemos ido mandando al inconsciente, much\u00edsima informaci\u00f3n que nuestro ego utiliza para mantenernos en un nivel de supervivencia, activando los programas y patrones que traemos epigen\u00e9tica y transgeneracionalmente, adem\u00e1s de todo aquello que se fue acumulando desde nuestra gestaci\u00f3n hasta nuestra juventud temprana. Heridas, bloqueos, desequilibrios\u2026 Aprendemos a verlas, a reconocerlas y a integrarlas, y dejamos poco a poco de reaccionar ante los sucesos externos, d\u00e1ndonos cuenta de que todo lo que percibimos a nuestro al rededor, de alguna manera habla de nosotros mismos, y es con este entrenamiento que vamos reconociendo poco a poco el origen de esas sensaciones, pensamientos y conductas que nos arrastraban (culpas, miedos, control, auto enga\u00f1os, auto boicots, obsesiones, etc&#8230;) para comenzar a hacernos adultos responsables de lo que pensamos, sentimos y hacemos.<\/p>\n\n\n\n<p class=\"has-background wp-block-paragraph\" style=\"background:linear-gradient(135deg,rgba(145,160,235,0.34) 0%,rgb(255,255,255) 100%)\">Una vez consigues ser consciente de tus bloqueos, de tus miedos, tus heridas&#8230; En definitiva, ser consciente de lo que Carl Jung llamaba <em>La sombra<\/em>, y te pones a la tarea de reconocer tus reacciones, tu personaje, aprendes a aliarte con tu ego y a ser directora ejecutiva de tus pensamientos, emociones y acciones, responsabiliz\u00e1ndote desde el adulto que eres, puedes comenzar a sentir y a experimentar que rectificas muchos de esos bloqueos o desequilibrios, tras reconocerlos. Entonces no es que los desequilibrios desaparezcan, ni que sanes las heridas, sino que los desequilibrios adquieren cada vez una mayor sutileza y por fin sientes paz interna, porque comienzas a abrazar tu sombra en vez de rechazarla, y lo interesante de todo esto, como con la alkimia, es que no acaba aqu\u00ed, sino que la experiencia de la vida te trae constantes aprendizajes para ayudarte a ampliar tu vasija y a potenciar tu prop\u00f3sito o Tikum personal, pudiendo de esta manera colaborar en el Tikum Olam, desde tu propia paz interna a pesar de los sucesos externos.<\/p>\n\n\n\n<p class=\"wp-block-paragraph\"><strong>Deseo que la Astrolog\u00eda no sea un lugar de confort donde el ego y la mente se reconfortan. Deseo que sea un camino para guiar a tu Alma\u2026<\/strong><strong> una herramienta para domar al personaje y dirigirlo desde el Alma.<\/strong> Para que el Alma inicie su propia b\u00fasqueda.<\/p>\n\n\n\n<p class=\"has-text-align-center has-large-font-size wp-block-paragraph\"><strong><span style=\"color: #aba7bc;\" class=\"stk-highlight\">Porque lo que ves e interpretas, te aprisiona o te libera<\/span><\/strong><\/p>\n\n\n\n<figure class=\"wp-block-image aligncenter size-large is-resized has-custom-border is-style-default\"><img loading=\"lazy\" decoding=\"async\" width=\"766\" height=\"1024\" src=\"https:\/\/sustraiak.texu.es\/wp-content\/uploads\/2025\/10\/photo_2025-08-29_18-50-41-766x1024.jpg\" alt=\"\" class=\"has-border-color has-ast-global-color-1-border-color wp-image-569\" style=\"border-width:5px;aspect-ratio:0.748035421397883;width:484px;height:auto\" srcset=\"https:\/\/sustraiak.texu.es\/wp-content\/uploads\/2025\/10\/photo_2025-08-29_18-50-41-766x1024.jpg 766w, https:\/\/sustraiak.texu.es\/wp-content\/uploads\/2025\/10\/photo_2025-08-29_18-50-41-225x300.jpg 225w, https:\/\/sustraiak.texu.es\/wp-content\/uploads\/2025\/10\/photo_2025-08-29_18-50-41-768x1026.jpg 768w, https:\/\/sustraiak.texu.es\/wp-content\/uploads\/2025\/10\/photo_2025-08-29_18-50-41.jpg 958w\" sizes=\"auto, (max-width: 766px) 100vw, 766px\" \/><\/figure>\n\n\n\n<p class=\"wp-block-paragraph\"><\/p>\n\n\n\n<p class=\"wp-block-paragraph\"><strong><br>&nbsp;&nbsp;&nbsp;&nbsp;&nbsp;&nbsp;&nbsp;&nbsp;&nbsp;&nbsp;<\/strong><\/p>\n","protected":false},"excerpt":{"rendered":"<p>ASTROKABBALAH y EL ESTUDIO DEL \u00c1RBOL DE LA VIDA La Astrokabbalah no es un or\u00e1culo predictivo, sino m\u00e1s bien un [&hellip;]<\/p>\n","protected":false},"author":2,"featured_media":0,"parent":0,"menu_order":4,"comment_status":"closed","ping_status":"closed","template":"","meta":{"_coblocks_attr":"","_coblocks_dimensions":"","_coblocks_responsive_height":"","_coblocks_accordion_ie_support":"","_crdt_document":"","advgb_blocks_editor_width":"","advgb_blocks_columns_visual_guide":"","site-sidebar-layout":"default","site-content-layout":"","ast-site-content-layout":"default","site-content-style":"default","site-sidebar-style":"default","ast-global-header-display":"","ast-banner-title-visibility":"","ast-main-header-display":"","ast-hfb-above-header-display":"","ast-hfb-below-header-display":"","ast-hfb-mobile-header-display":"","site-post-title":"","ast-breadcrumbs-content":"","ast-featured-img":"","footer-sml-layout":"","theme-transparent-header-meta":"","adv-header-id-meta":"","stick-header-meta":"","header-above-stick-meta":"","header-main-stick-meta":"","header-below-stick-meta":"","astra-migrate-meta-layouts":"default","ast-page-background-enabled":"default","ast-page-background-meta":{"desktop":{"background-color":"var(--ast-global-color-5)","background-image":"","background-repeat":"repeat","background-position":"center center","background-size":"auto","background-attachment":"scroll","background-type":"","background-media":"","overlay-type":"","overlay-color":"","overlay-opacity":"","overlay-gradient":""},"tablet":{"background-color":"","background-image":"","background-repeat":"repeat","background-position":"center center","background-size":"auto","background-attachment":"scroll","background-type":"","background-media":"","overlay-type":"","overlay-color":"","overlay-opacity":"","overlay-gradient":""},"mobile":{"background-color":"","background-image":"","background-repeat":"repeat","background-position":"center center","background-size":"auto","background-attachment":"scroll","background-type":"","background-media":"","overlay-type":"","overlay-color":"","overlay-opacity":"","overlay-gradient":""}},"ast-content-background-meta":{"desktop":{"background-color":"var(--ast-global-color-4)","background-image":"","background-repeat":"repeat","background-position":"center center","background-size":"auto","background-attachment":"scroll","background-type":"","background-media":"","overlay-type":"","overlay-color":"","overlay-opacity":"","overlay-gradient":""},"tablet":{"background-color":"var(--ast-global-color-4)","background-image":"","background-repeat":"repeat","background-position":"center center","background-size":"auto","background-attachment":"scroll","background-type":"","background-media":"","overlay-type":"","overlay-color":"","overlay-opacity":"","overlay-gradient":""},"mobile":{"background-color":"var(--ast-global-color-4)","background-image":"","background-repeat":"repeat","background-position":"center center","background-size":"auto","background-attachment":"scroll","background-type":"","background-media":"","overlay-type":"","overlay-color":"","overlay-opacity":"","overlay-gradient":""}},"_themeisle_gutenberg_block_has_review":false,"footnotes":""},"class_list":["post-20","page","type-page","status-publish","hentry"],"coauthors":[],"author_meta":{"author_link":"https:\/\/sustraiak.texu.es\/?author=2","display_name":"laidea"},"relative_dates":{"created":"Publicado 1 a\u00f1o hace","modified":"Actualizado 6 meses hace"},"absolute_dates":{"created":"Publicado el 20 de diciembre de 2024","modified":"Actualizado el 25 de octubre de 2025"},"absolute_dates_time":{"created":"Publicado el 20 de diciembre de 2024 11:23","modified":"Actualizado el 25 de octubre de 2025 17:17"},"featured_img_caption":"","featured_img":false,"series_order":"","_links":{"self":[{"href":"https:\/\/sustraiak.texu.es\/index.php?rest_route=\/wp\/v2\/pages\/20","targetHints":{"allow":["GET"]}}],"collection":[{"href":"https:\/\/sustraiak.texu.es\/index.php?rest_route=\/wp\/v2\/pages"}],"about":[{"href":"https:\/\/sustraiak.texu.es\/index.php?rest_route=\/wp\/v2\/types\/page"}],"author":[{"embeddable":true,"href":"https:\/\/sustraiak.texu.es\/index.php?rest_route=\/wp\/v2\/users\/2"}],"replies":[{"embeddable":true,"href":"https:\/\/sustraiak.texu.es\/index.php?rest_route=%2Fwp%2Fv2%2Fcomments&post=20"}],"version-history":[{"count":0,"href":"https:\/\/sustraiak.texu.es\/index.php?rest_route=\/wp\/v2\/pages\/20\/revisions"}],"wp:attachment":[{"href":"https:\/\/sustraiak.texu.es\/index.php?rest_route=%2Fwp%2Fv2%2Fmedia&parent=20"}],"curies":[{"name":"wp","href":"https:\/\/api.w.org\/{rel}","templated":true}]}}