{"id":57,"date":"2025-01-09T11:38:51","date_gmt":"2025-01-09T10:38:51","guid":{"rendered":"https:\/\/sustraiak.texu.es\/?page_id=57"},"modified":"2025-10-25T21:54:48","modified_gmt":"2025-10-25T19:54:48","slug":"inicio","status":"publish","type":"page","link":"https:\/\/sustraiak.texu.es\/","title":{"rendered":"Inicio"},"content":{"rendered":"\n<h1>\n\t\t\tSUSTRAIAK<br \/>(Ra\u00edces &#8211; Origen)\t<\/h1>\n\t<p>Hola, soy Ziortza y este es el espacio creado para conectar y compartir contigo parte de mi proceso de crecimiento personal; mi alkimia interna, que naci\u00f3 desde un impulso org\u00e1nico.<\/p>\n<p>Soy una aprendiz en acci\u00f3n continua, pues el camino de transformaci\u00f3n interna o alkimia interna, una vez lo inicias, es infinito.<\/p>\n<p>Me considero una artesana, creciendo a trav\u00e9s de las experiencias de mi propia vida; y en mi laboratorio, poniendo en pr\u00e1ctica diferentes artes, como son la Alkimia Herbal\/Vegetal, la Astrolog\u00eda y la Kabbalah. Estas me acercaron a la teosof\u00eda, la antroposof\u00eda, la biolog\u00eda y la filosof\u00eda, entre otras, pero siento que es\u00a0la filosof\u00eda herm\u00e9tica la base sobre la que se asienta todo.<\/p>\n<p>Estos son caminos que contienen infinitas puertas al conocimiento.<\/p>\n<strong><em>A\u00f1os de introspecci\u00f3n, de estudio e investigaci\u00f3n autodidacta, que contin\u00faan.<\/em><\/strong><br \/>\n<strong><em>Este es un viaje hacia dentro.<\/em><\/strong><br \/>\n<strong><em>Es un encontrarse.<\/em><\/strong><br \/>\n<strong><em>Un darse cuenta.<\/em><\/strong><br \/>\nEs una sensaci\u00f3n, una emoci\u00f3n energ\u00e9tica que te empuja a la acci\u00f3n, a ascender en la escalera del conocimiento, pues \u00e9sta es la llave que abre todas las puertas.\n<p><strong>Me encuentro entre las tierras del Oriente galego y el Occidente asturiano.<\/strong><\/p>\n<p>Mi alma eligi\u00f3 este hermoso entorno natural, que a\u00fan permite usar la palabra salvaje, para crear mi hogar y desarrollarme \u00a1como ser humano! Y aqu\u00ed es donde trabajo la tierra y donde cosecho la materia prima para elaborar los productos que te presento a continuaci\u00f3n.<\/p>\n<p>Ya estoy lista para compartir con el mundo, compartir las herramientas que a m\u00ed me ayudan a profundizar en mi propio desarrollo personal, en mi alkimia interna.<\/p>\n<p>Caminar en el balance de las energ\u00edas masculinas y femeninas, aprendiendo a nutrir cuerpo, mente y alma.<\/p>\n<h1>\n\t\t\tSustraiak\t<\/h1>\n\t<p>Alkimia herbal o vegetal<\/p>\n\t\t\t\t<a href=\"https:\/\/sustraiak.texu.es\/?page_id=102\"  target=\"_self\" itemprop=\"url\">\n\t\t\t\t<img decoding=\"async\" src=\"https:\/\/sustraiak.texu.es\/wp-content\/uploads\/2025\/01\/alambique640.jpg\" alt=\"alambique640\" itemprop=\"image\" height=\"640\" width=\"640\" title=\"alambique640\" onerror=\"this.style.display='none'\" loading=\"lazy\" \/>\n\t\t\t\t<\/a>\n\t<h1><strong>Hidrolatos y aceites esenciales<\/strong><\/h1>\n<h6><a href=\"https:\/\/sustraiak.texu.es\/?page_id=102\">Saber m\u00e1s<\/a><\/h6>\n\t\t\t\t<a href=\"https:\/\/sustraiak.texu.es\/?page_id=113\"  target=\"_self\" itemprop=\"url\">\n\t\t\t\t<img decoding=\"async\" src=\"https:\/\/sustraiak.texu.es\/wp-content\/uploads\/2025\/01\/oleatos640.jpg\" alt=\"oleatos640\" itemprop=\"image\" height=\"640\" width=\"640\" title=\"oleatos640\" onerror=\"this.style.display='none'\" loading=\"lazy\" \/>\n\t\t\t\t<\/a>\n\t<h1><strong>Oleatos y ung\u00fcentos<\/strong><\/h1>\n<h6><a href=\"https:\/\/sustraiak.texu.es\/?page_id=113\">Saber m\u00e1s<\/a><\/h6>\n\t\t\t\t<a href=\"https:\/\/sustraiak.texu.es\/?page_id=18\"  target=\"_self\" itemprop=\"url\">\n\t\t\t\t<img decoding=\"async\" src=\"https:\/\/sustraiak.texu.es\/wp-content\/uploads\/2025\/01\/espagiria640.jpg\" alt=\"espagiria640\" itemprop=\"image\" height=\"640\" width=\"640\" title=\"espagiria640\" onerror=\"this.style.display='none'\" loading=\"lazy\" \/>\n\t\t\t\t<\/a>\n\t<h1><strong>Elixires o tinturas espag\u00edricas<\/strong><\/h1>\n<h6><a href=\"https:\/\/sustraiak.texu.es\/?page_id=18\">Saber m\u00e1s<\/a><\/h6>\n<h2>\n\t\t\tAlkimia cosmog\u00f3nica\t<\/h2>\n\t<p>ASTROKABBALAH y EL ESTUDIO DEL \u00c1RBOL DE LA VIDA<\/p>\n\t\t\t<a href=\"https:\/\/sustraiak.texu.es\/?page_id=20\" target=\"_self\">\n\t\t\t\t\t\t\tEntrar\n\t\t\t<\/a>\n<h2>\n\t\t\t\u00bfQuieres contactar para conocer m\u00e1s cosas?<br \/>\t<\/h2>\n\t<p>En Telegram estar\u00e1s al d\u00eda de cuanto surja<\/p>\n\t\t\t<a href=\"https:\/\/t.me\/+ppfUJGVOmpVkNjgy\" target=\"_self\">\n\t\t\t\t\t\t\tTelegram\n\t\t\t<\/a>\n\t<p>Por email, cons\u00faltame lo que te interese o necesites<\/p>\n\t\t\t<a href=\"mailto:sustraiak@riseup.net\" target=\"_self\">\n\t\t\t\t\t\t\tEmail\n\t\t\t<\/a>\n\n","protected":false},"excerpt":{"rendered":"<p>SUSTRAIAK(Ra\u00edces &#8211; Origen) Hola, soy Ziortza y este es el espacio creado para conectar y compartir contigo parte de mi [&hellip;]<\/p>\n","protected":false},"author":2,"featured_media":0,"parent":0,"menu_order":0,"comment_status":"closed","ping_status":"closed","template":"","meta":{"_coblocks_attr":"","_coblocks_dimensions":"","_coblocks_responsive_height":"","_coblocks_accordion_ie_support":"","_crdt_document":"","advgb_blocks_editor_width":"","advgb_blocks_columns_visual_guide":"","site-sidebar-layout":"no-sidebar","site-content-layout":"page-builder","ast-site-content-layout":"default","site-content-style":"default","site-sidebar-style":"default","ast-global-header-display":"","ast-banner-title-visibility":"","ast-main-header-display":"","ast-hfb-above-header-display":"","ast-hfb-below-header-display":"","ast-hfb-mobile-header-display":"","site-post-title":"disabled","ast-breadcrumbs-content":"","ast-featured-img":"disabled","footer-sml-layout":"","theme-transparent-header-meta":"","adv-header-id-meta":"","stick-header-meta":"","header-above-stick-meta":"","header-main-stick-meta":"","header-below-stick-meta":"","astra-migrate-meta-layouts":"default","ast-page-background-enabled":"default","ast-page-background-meta":{"desktop":{"background-color":"var(--ast-global-color-5)","background-image":"","background-repeat":"repeat","background-position":"center center","background-size":"auto","background-attachment":"scroll","background-type":"","background-media":"","overlay-type":"","overlay-color":"","overlay-opacity":"","overlay-gradient":""},"tablet":{"background-color":"","background-image":"","background-repeat":"repeat","background-position":"center center","background-size":"auto","background-attachment":"scroll","background-type":"","background-media":"","overlay-type":"","overlay-color":"","overlay-opacity":"","overlay-gradient":""},"mobile":{"background-color":"","background-image":"","background-repeat":"repeat","background-position":"center center","background-size":"auto","background-attachment":"scroll","background-type":"","background-media":"","overlay-type":"","overlay-color":"","overlay-opacity":"","overlay-gradient":""}},"ast-content-background-meta":{"desktop":{"background-color":"var(--ast-global-color-4)","background-image":"","background-repeat":"repeat","background-position":"center center","background-size":"auto","background-attachment":"scroll","background-type":"","background-media":"","overlay-type":"","overlay-color":"","overlay-opacity":"","overlay-gradient":""},"tablet":{"background-color":"var(--ast-global-color-4)","background-image":"","background-repeat":"repeat","background-position":"center center","background-size":"auto","background-attachment":"scroll","background-type":"","background-media":"","overlay-type":"","overlay-color":"","overlay-opacity":"","overlay-gradient":""},"mobile":{"background-color":"var(--ast-global-color-4)","background-image":"","background-repeat":"repeat","background-position":"center center","background-size":"auto","background-attachment":"scroll","background-type":"","background-media":"","overlay-type":"","overlay-color":"","overlay-opacity":"","overlay-gradient":""}},"_themeisle_gutenberg_block_has_review":false,"footnotes":""},"class_list":["post-57","page","type-page","status-publish","hentry"],"coauthors":[],"author_meta":{"author_link":"https:\/\/sustraiak.texu.es\/?author=2","display_name":"laidea"},"relative_dates":{"created":"Publicado 1 a\u00f1o hace","modified":"Actualizado 6 meses hace"},"absolute_dates":{"created":"Publicado el 9 de enero de 2025","modified":"Actualizado el 25 de octubre de 2025"},"absolute_dates_time":{"created":"Publicado el 9 de enero de 2025 11:38","modified":"Actualizado el 25 de octubre de 2025 21:54"},"featured_img_caption":"","featured_img":false,"series_order":"","_links":{"self":[{"href":"https:\/\/sustraiak.texu.es\/index.php?rest_route=\/wp\/v2\/pages\/57","targetHints":{"allow":["GET"]}}],"collection":[{"href":"https:\/\/sustraiak.texu.es\/index.php?rest_route=\/wp\/v2\/pages"}],"about":[{"href":"https:\/\/sustraiak.texu.es\/index.php?rest_route=\/wp\/v2\/types\/page"}],"author":[{"embeddable":true,"href":"https:\/\/sustraiak.texu.es\/index.php?rest_route=\/wp\/v2\/users\/2"}],"replies":[{"embeddable":true,"href":"https:\/\/sustraiak.texu.es\/index.php?rest_route=%2Fwp%2Fv2%2Fcomments&post=57"}],"version-history":[{"count":1,"href":"https:\/\/sustraiak.texu.es\/index.php?rest_route=\/wp\/v2\/pages\/57\/revisions"}],"predecessor-version":[{"id":601,"href":"https:\/\/sustraiak.texu.es\/index.php?rest_route=\/wp\/v2\/pages\/57\/revisions\/601"}],"wp:attachment":[{"href":"https:\/\/sustraiak.texu.es\/index.php?rest_route=%2Fwp%2Fv2%2Fmedia&parent=57"}],"curies":[{"name":"wp","href":"https:\/\/api.w.org\/{rel}","templated":true}]}}